{"id":6652,"date":"2023-05-25T14:42:09","date_gmt":"2023-05-25T14:42:09","guid":{"rendered":"https:\/\/spb48yftg.demo.versacode.org\/?page_id=6652"},"modified":"2026-02-05T18:00:55","modified_gmt":"2026-02-05T18:00:55","slug":"retiros","status":"publish","type":"page","link":"https:\/\/amaria.pt\/pt\/retreats\/","title":{"rendered":"Retiros e Eventos"},"content":{"rendered":"<div data-elementor-type=\"wp-post\" data-elementor-id=\"6652\" class=\"elementor elementor-6652\">\n\t\t\t\t\t\t<section class=\"elementor-section elementor-top-section elementor-element elementor-element-a30940f elementor-section-stretched elementor-section-height-full elementor-section-full_width page-slider elementor-section-height-default elementor-section-items-middle\" data-id=\"a30940f\" data-element_type=\"section\" data-settings=\"{&quot;stretch_section&quot;:&quot;section-stretched&quot;,&quot;background_background&quot;:&quot;classic&quot;,&quot;hoteller_ext_is_background_parallax&quot;:&quot;false&quot;,&quot;hoteller_ext_is_background_on_scroll&quot;:&quot;false&quot;}\">\n\t\t\t\t\t\t<div class=\"elementor-container elementor-column-gap-default\">\n\t\t\t\t\t<div class=\"elementor-column elementor-col-100 elementor-top-column elementor-element elementor-element-d0e7182\" data-id=\"d0e7182\" data-element_type=\"column\" data-settings=\"{&quot;hoteller_ext_link_sidemenu&quot;:&quot;false&quot;,&quot;hoteller_ext_link_fullmenu&quot;:&quot;false&quot;,&quot;hoteller_ext_link_closed_fullmenu&quot;:&quot;false&quot;,&quot;hoteller_ext_is_scrollme&quot;:&quot;false&quot;,&quot;hoteller_ext_is_smoove&quot;:&quot;false&quot;,&quot;hoteller_ext_is_parallax_mouse&quot;:&quot;false&quot;,&quot;hoteller_ext_is_infinite&quot;:&quot;false&quot;,&quot;hoteller_ext_is_fadeout_animation&quot;:&quot;false&quot;,&quot;hoteller_ext_mobile_static&quot;:&quot;false&quot;}\">\n\t\t\t<div class=\"elementor-widget-wrap\">\n\t\t\t\t\t\t\t<\/div>\n\t\t<\/div>\n\t\t\t\t\t<\/div>\n\t\t<\/section>\n\t\t\t\t<section class=\"elementor-section elementor-top-section elementor-element elementor-element-c900acd elementor-section-full_width elementor-section-height-default elementor-section-height-default\" data-id=\"c900acd\" data-element_type=\"section\" data-settings=\"{&quot;hoteller_ext_is_background_parallax&quot;:&quot;false&quot;,&quot;hoteller_ext_is_background_on_scroll&quot;:&quot;false&quot;}\">\n\t\t\t\t\t\t<div class=\"elementor-container elementor-column-gap-default\">\n\t\t\t\t\t<div class=\"elementor-column elementor-col-50 elementor-top-column elementor-element elementor-element-7d1dffd\" data-id=\"7d1dffd\" data-element_type=\"column\" data-settings=\"{&quot;hoteller_ext_link_sidemenu&quot;:&quot;false&quot;,&quot;hoteller_ext_link_fullmenu&quot;:&quot;false&quot;,&quot;hoteller_ext_link_closed_fullmenu&quot;:&quot;false&quot;,&quot;hoteller_ext_is_scrollme&quot;:&quot;false&quot;,&quot;hoteller_ext_is_smoove&quot;:&quot;false&quot;,&quot;hoteller_ext_is_parallax_mouse&quot;:&quot;false&quot;,&quot;hoteller_ext_is_infinite&quot;:&quot;false&quot;,&quot;hoteller_ext_is_fadeout_animation&quot;:&quot;false&quot;,&quot;hoteller_ext_mobile_static&quot;:&quot;false&quot;}\">\n\t\t\t<div class=\"elementor-widget-wrap elementor-element-populated\">\n\t\t\t\t\t\t<div class=\"elementor-element elementor-element-febbe8c elementor-invisible elementor-widget elementor-widget-text-editor\" data-id=\"febbe8c\" data-element_type=\"widget\" data-settings=\"{&quot;_animation_delay&quot;:250,&quot;_animation&quot;:&quot;fadeInUp&quot;,&quot;hoteller_ext_link_sidemenu&quot;:&quot;false&quot;,&quot;hoteller_ext_link_fullmenu&quot;:&quot;false&quot;,&quot;hoteller_ext_link_closed_fullmenu&quot;:&quot;false&quot;,&quot;hoteller_ext_is_scrollme&quot;:&quot;false&quot;,&quot;hoteller_ext_is_smoove&quot;:&quot;false&quot;,&quot;hoteller_ext_is_parallax_mouse&quot;:&quot;false&quot;,&quot;hoteller_ext_is_infinite&quot;:&quot;false&quot;,&quot;hoteller_ext_is_fadeout_animation&quot;:&quot;false&quot;,&quot;hoteller_ext_mobile_static&quot;:&quot;false&quot;}\" data-widget_type=\"text-editor.default\">\n\t\t\t\t<div class=\"elementor-widget-container\">\n\t\t\t\t\t\t\t\t\t<p>O AMARIA ACEITA RESERVAS PRIVADAS, RETIROS E CASAMENTOS, OFERECENDO O AMBIENTE IDEAL PARA A SUA OCASI\u00c3O ESPECIAL.<\/p>\n<p>A NOSSA VERS\u00c1TIL BIBLIOTECA PODE SER ADAPTADA PARA REUNI\u00d5ES DE GRUPO E WORKSHOPS, ENQUANTO AS NOSSAS ESPA\u00c7OSAS \u00c1REAS EXTERIORES RECEBEM GRANDES GRUPOS E EVENTOS AO LONGO DE TODO O ANO.<\/p>\n<p>RECEBA O SEU GRUPO NO NOSSO AMPLO DECK DE YOGA, RELAXE NO CONFORTO DA NOSSA SAUNA A LENHA, OU D\u00ca UM MERGULHO REFRESCANTE NA NOSSA PISCINA DE \u00c1GUA SALGADA DE 20 METROS. COM MAIS DE 10 HECTARES DE JARDINS DESLUMBRANTES E VINHEDOS, H\u00c1 MUITO ESPA\u00c7O PARA EXPLORAR DURANTE O SEU RETIRO.<\/p>\n<p class=\"translation-block\">SE PRETENDE ORGANIZAR UM RETIRO, EVENTO PRIVADO OU CELEBRA\u00c7\u00c3O \u00cdNTIMA, <span style=\"text-decoration: underline\"><a href=\"https:\/\/amaria.pt\/pt\/contactos\/\" target=\"_self\">CONTACTE-NOS<\/a><\/span>.\u00a0<span style=\"font-size: 12px;letter-spacing: 0.6px\"><\/span><\/p>\t\t\t\t\t\t\t\t<\/div>\n\t\t\t\t<\/div>\n\t\t\t\t\t<\/div>\n\t\t<\/div>\n\t\t\t\t<div class=\"elementor-column elementor-col-50 elementor-top-column elementor-element elementor-element-be2188d desktop-only\" data-id=\"be2188d\" data-element_type=\"column\" data-settings=\"{&quot;hoteller_ext_link_sidemenu&quot;:&quot;false&quot;,&quot;hoteller_ext_link_fullmenu&quot;:&quot;false&quot;,&quot;hoteller_ext_link_closed_fullmenu&quot;:&quot;false&quot;,&quot;hoteller_ext_is_scrollme&quot;:&quot;false&quot;,&quot;hoteller_ext_is_smoove&quot;:&quot;false&quot;,&quot;hoteller_ext_is_parallax_mouse&quot;:&quot;false&quot;,&quot;hoteller_ext_is_infinite&quot;:&quot;false&quot;,&quot;hoteller_ext_is_fadeout_animation&quot;:&quot;false&quot;,&quot;hoteller_ext_mobile_static&quot;:&quot;false&quot;}\">\n\t\t\t<div class=\"elementor-widget-wrap\">\n\t\t\t\t\t\t\t<\/div>\n\t\t<\/div>\n\t\t\t\t\t<\/div>\n\t\t<\/section>\n\t\t\t\t<section class=\"elementor-section elementor-top-section elementor-element elementor-element-61b6c8f elementor-section-full_width desktop-only display-1050 elementor-section-height-default elementor-section-height-default elementor-invisible\" data-id=\"61b6c8f\" data-element_type=\"section\" data-settings=\"{&quot;animation&quot;:&quot;fadeInUp&quot;,&quot;animation_delay&quot;:300,&quot;hoteller_ext_is_background_parallax&quot;:&quot;false&quot;,&quot;hoteller_ext_is_background_on_scroll&quot;:&quot;false&quot;}\">\n\t\t\t\t\t\t<div class=\"elementor-container elementor-column-gap-default\">\n\t\t\t\t\t<div class=\"elementor-column elementor-col-100 elementor-top-column elementor-element elementor-element-9bd13d4\" data-id=\"9bd13d4\" data-element_type=\"column\" data-settings=\"{&quot;hoteller_ext_link_sidemenu&quot;:&quot;false&quot;,&quot;hoteller_ext_link_fullmenu&quot;:&quot;false&quot;,&quot;hoteller_ext_link_closed_fullmenu&quot;:&quot;false&quot;,&quot;hoteller_ext_is_scrollme&quot;:&quot;false&quot;,&quot;hoteller_ext_is_smoove&quot;:&quot;false&quot;,&quot;hoteller_ext_is_parallax_mouse&quot;:&quot;false&quot;,&quot;hoteller_ext_is_infinite&quot;:&quot;false&quot;,&quot;hoteller_ext_is_fadeout_animation&quot;:&quot;false&quot;,&quot;hoteller_ext_mobile_static&quot;:&quot;false&quot;}\">\n\t\t\t<div class=\"elementor-widget-wrap elementor-element-populated\">\n\t\t\t\t\t\t<div class=\"elementor-element elementor-element-cbff366 elementor-widget elementor-widget-shortcode\" data-id=\"cbff366\" data-element_type=\"widget\" data-settings=\"{&quot;hoteller_ext_link_sidemenu&quot;:&quot;false&quot;,&quot;hoteller_ext_link_fullmenu&quot;:&quot;false&quot;,&quot;hoteller_ext_link_closed_fullmenu&quot;:&quot;false&quot;,&quot;hoteller_ext_is_scrollme&quot;:&quot;false&quot;,&quot;hoteller_ext_is_smoove&quot;:&quot;false&quot;,&quot;hoteller_ext_is_parallax_mouse&quot;:&quot;false&quot;,&quot;hoteller_ext_is_infinite&quot;:&quot;false&quot;,&quot;hoteller_ext_is_fadeout_animation&quot;:&quot;false&quot;,&quot;hoteller_ext_mobile_static&quot;:&quot;false&quot;}\" data-widget_type=\"shortcode.default\">\n\t\t\t\t<div class=\"elementor-widget-container\">\n\t\t\t\t\t\t\t<div class=\"elementor-shortcode\"><div class=\"elementor-widget-hoteller-availability-search\">\r\n<form method=\"POST\" class=\"vc-search-form availability_search_wrapper mphb_sc_search-form\" action=\"https:\/\/amaria.pt\/wp-admin\/admin-ajax.php\"  target=\"_blank\">\r\n<input type=\"hidden\" name=\"action\" value=\"vc_search_rooms\">\r\n<p class=\"mphb_sc_search-check-in-date\">\r\n    <label for=\"mphb_check_in_date-mphb-search-form-9112b0d73db7\">\r\n        Check in\r\n    <\/label>\r\n    <br>\r\n    <input id=\"mphb_check_in_date-mphb-search-form-9112b0d73db7\" class=\"vc-datepicker-checkin\" value=\"\" placeholder=\"\" type=\"text\" inputmode=\"none\" name=\"checkin\" autocomplete=\"off\">\r\n<\/p>\r\n\r\n<p class=\"mphb_sc_search-check-out-date\">\r\n    <label for=\"mphb_check_out_date-mphb-search-form-9112b0d73db7\">\r\n        Check out\r\n    <\/label>\r\n    <br>\r\n    <input id=\"mphb_check_out_date-mphb-search-form-9112b0d73db7\" class=\"vc-datepicker-checkout\" value=\"\" placeholder=\"\"  type=\"text\" inputmode=\"none\" name=\"checkout\" autocomplete=\"off\">\r\n<\/p>\r\n\r\n        <p class=\"mphb_sc_search-adults\">\r\n        <label for=\"mphb_adults-mphb-search-form-9112b0d73db7\">\r\n            Convidados\t\t\t<\/label>\r\n        <br>\r\n        <select id=\"mphb_adults-mphb-search-form-9112b0d73db7\" name=\"guests\">\r\n                                <option value=\"1\" selected=\"selected\">1<\/option><option value=\"2\">2<\/option><option value=\"3\">3<\/option><option value=\"4\">4<\/option><\/select>\r\n    <\/p>\r\n\r\n<input id=\"mphb_check_in_date-mphb-search-form-9112b0d73db7-hidden\" value=\"\" type=\"hidden\" name=\"mphb_check_in_date\"><input id=\"mphb_check_out_date-mphb-search-form-9112b0d73db7-hidden\" value=\"\" type=\"hidden\" name=\"mphb_check_out_date\">\r\n<p class=\"mphb_sc_search-submit-button-wrapper\">\r\n    <input type=\"submit\" class=\"button\" value=\"Procurar\">\r\n<\/p>\r\n\r\n\r\n<\/form>\r\n                            <\/div><\/div>\n\t\t\t\t\t\t<\/div>\n\t\t\t\t<\/div>\n\t\t\t\t\t<\/div>\n\t\t<\/div>\n\t\t\t\t\t<\/div>\n\t\t<\/section>\n\t\t\t\t<section class=\"elementor-section elementor-top-section elementor-element elementor-element-fd710d5 elementor-section-full_width gap-mobile force-full-width slider-bottom-carousel elementor-section-height-default elementor-section-height-default\" data-id=\"fd710d5\" data-element_type=\"section\" data-settings=\"{&quot;hoteller_ext_is_background_parallax&quot;:&quot;false&quot;,&quot;hoteller_ext_is_background_on_scroll&quot;:&quot;false&quot;}\">\n\t\t\t\t\t\t<div class=\"elementor-container elementor-column-gap-no\">\n\t\t\t\t\t<div class=\"elementor-column elementor-col-100 elementor-top-column elementor-element elementor-element-f3bb300\" data-id=\"f3bb300\" data-element_type=\"column\" data-settings=\"{&quot;hoteller_ext_link_sidemenu&quot;:&quot;false&quot;,&quot;hoteller_ext_link_fullmenu&quot;:&quot;false&quot;,&quot;hoteller_ext_link_closed_fullmenu&quot;:&quot;false&quot;,&quot;hoteller_ext_is_scrollme&quot;:&quot;false&quot;,&quot;hoteller_ext_is_smoove&quot;:&quot;false&quot;,&quot;hoteller_ext_is_parallax_mouse&quot;:&quot;false&quot;,&quot;hoteller_ext_is_infinite&quot;:&quot;false&quot;,&quot;hoteller_ext_is_fadeout_animation&quot;:&quot;false&quot;,&quot;hoteller_ext_mobile_static&quot;:&quot;false&quot;}\">\n\t\t\t<div class=\"elementor-widget-wrap elementor-element-populated\">\n\t\t\t\t\t\t<div class=\"elementor-element elementor-element-39209e6 elementor-widget elementor-widget-hoteller-gallery-full-width\" data-id=\"39209e6\" data-element_type=\"widget\" data-settings=\"{&quot;hoteller_ext_link_sidemenu&quot;:&quot;false&quot;,&quot;hoteller_ext_link_fullmenu&quot;:&quot;false&quot;,&quot;hoteller_ext_link_closed_fullmenu&quot;:&quot;false&quot;,&quot;hoteller_ext_is_scrollme&quot;:&quot;false&quot;,&quot;hoteller_ext_is_smoove&quot;:&quot;false&quot;,&quot;hoteller_ext_is_parallax_mouse&quot;:&quot;false&quot;,&quot;hoteller_ext_is_infinite&quot;:&quot;false&quot;,&quot;hoteller_ext_is_fadeout_animation&quot;:&quot;false&quot;,&quot;hoteller_ext_mobile_static&quot;:&quot;false&quot;}\" data-widget_type=\"hoteller-gallery-full-width.default\">\n\t\t\t\t<div class=\"elementor-widget-container\">\n\t\t\t\t\t\r\n\r\n<div class=\"tracker_cursor  tg_pagination tg_full_width_gallery_container\">\r\n<div class=\"tc_cursor\"><\/div>\r\n\t<div class=\"tg_full_width_gallery_wrapper\" data-landscape=\"0\" data-tracker-cursor=\"1\" data-full-bleed=\"1\" data-autoplay=\"0\" data-loop=\"0\" data-navigation=\"0\" data-pagination=\"1\" data-parallax=\"0\" \r\n\tdata-images-count=\"7\">\r\n\t\t\t\t<div class=\"tg_full_width_gallery_cell\" style=\"margin-right:2px\">\r\n\t\t\t\t\t\t\t\t<div class=\"tg_full_width_gallery_img_container\">\r\n\t\t\t\t<img class=\"tg_full_width_gallery_cell_img vcov-hidden\" data-vcov=\"animate__fadeInUp animate__delay-1s\" \r\n\t\t\t\t\t\t\tdata-flickity-lazyload=\"https:\/\/amaria.pt\/wp-content\/uploads\/2023\/07\/Bottom-Carousal-7.jpg\" alt=\"Nutricious farm to table meals\"\r\n\t\t\t\t\t\t\r\n\t\t\t\t\tstyle=\" object-fit: cover;\t\t\t\t\tobject-position:center center;\t\t\t\t\tmargin-right:25px;\t\t\t\t\t\t\twidth: auto; \t\t\t\t\t\t\theight:calc(100vh - 145px); \t\t\t\t\t\t\t--animate-duration: 1s; --animate-delay: 0.3s\" >\r\n\t\t\t\t<\/div>\r\n\t\t\t\t\t\t\t<\/div>\r\n\t\t\t\t<div class=\"tg_full_width_gallery_cell\" style=\"margin-right:2px\">\r\n\t\t\t\t\t\t\t\t<div class=\"tg_full_width_gallery_img_container\">\r\n\t\t\t\t<img class=\"tg_full_width_gallery_cell_img vcov-hidden\" data-vcov=\"animate__fadeInUp animate__delay-1s\" \r\n\t\t\t\t\t\t\tdata-flickity-lazyload=\"https:\/\/amaria.pt\/wp-content\/uploads\/2023\/07\/Bottom-Carousal-8.jpg\" alt=\"Breakfast buffet\"\r\n\t\t\t\t\t\t\r\n\t\t\t\t\tstyle=\" object-fit: cover;\t\t\t\t\tobject-position:center center;\t\t\t\t\tmargin-right:25px;\t\t\t\t\t\t\twidth: auto; \t\t\t\t\t\t\theight:calc(100vh - 145px); \t\t\t\t\t\t\t--animate-duration: 1s; --animate-delay: 0.6s\" >\r\n\t\t\t\t<\/div>\r\n\t\t\t\t\t\t\t<\/div>\r\n\t\t\t\t<div class=\"tg_full_width_gallery_cell\" style=\"margin-right:2px\">\r\n\t\t\t\t\t\t\t\t<div class=\"tg_full_width_gallery_img_container\">\r\n\t\t\t\t<img class=\"tg_full_width_gallery_cell_img vcov-hidden\" data-vcov=\"animate__fadeInUp animate__delay-1s\" \r\n\t\t\t\t\t\t\tdata-flickity-lazyload=\"https:\/\/amaria.pt\/wp-content\/uploads\/2023\/05\/Bottom-Carousal-3-3.jpg\" alt=\"Relaxing library\"\r\n\t\t\t\t\t\t\r\n\t\t\t\t\tstyle=\" object-fit: cover;\t\t\t\t\tobject-position:center center;\t\t\t\t\tmargin-right:25px;\t\t\t\t\t\t\twidth: auto; \t\t\t\t\t\t\theight:calc(100vh - 145px); \t\t\t\t\t\t\t--animate-duration: 1s; --animate-delay: 0.9s\" >\r\n\t\t\t\t<\/div>\r\n\t\t\t\t\t\t\t<\/div>\r\n\t\t\t\t<div class=\"tg_full_width_gallery_cell\" style=\"margin-right:2px\">\r\n\t\t\t\t\t\t\t\t<div class=\"tg_full_width_gallery_img_container\">\r\n\t\t\t\t<img class=\"tg_full_width_gallery_cell_img vcov-hidden\" data-vcov=\"animate__fadeInUp animate__delay-1s\" \r\n\t\t\t\t\t\t\tdata-flickity-lazyload=\"https:\/\/amaria.pt\/wp-content\/uploads\/2023\/05\/Bottom-Carousal-5-5.jpg\" alt=\"Fire pit with ocean view\"\r\n\t\t\t\t\t\t\r\n\t\t\t\t\tstyle=\" object-fit: cover;\t\t\t\t\tobject-position:center center;\t\t\t\t\tmargin-right:25px;\t\t\t\t\t\t\twidth: auto; \t\t\t\t\t\t\theight:calc(100vh - 145px); \t\t\t\t\t\t\t--animate-duration: 1s; --animate-delay: 1.2s\" >\r\n\t\t\t\t<\/div>\r\n\t\t\t\t\t\t\t<\/div>\r\n\t\t\t\t<div class=\"tg_full_width_gallery_cell\" style=\"margin-right:2px\">\r\n\t\t\t\t\t\t\t\t<div class=\"tg_full_width_gallery_img_container\">\r\n\t\t\t\t<img class=\"tg_full_width_gallery_cell_img vcov-hidden\" data-vcov=\"animate__fadeInUp animate__delay-1s\" \r\n\t\t\t\t\t\t\tdata-flickity-lazyload=\"https:\/\/amaria.pt\/wp-content\/uploads\/2023\/05\/Bottom-Carousal-4-3.jpg\" alt=\"Relaxing retreat on Costa Vicentina\u2019s natural park\"\r\n\t\t\t\t\t\t\r\n\t\t\t\t\tstyle=\" object-fit: cover;\t\t\t\t\tobject-position:center center;\t\t\t\t\tmargin-right:25px;\t\t\t\t\t\t\twidth: auto; \t\t\t\t\t\t\theight:calc(100vh - 145px); \t\t\t\t\t\t\t--animate-duration: 1s; --animate-delay: 1.5s\" >\r\n\t\t\t\t<\/div>\r\n\t\t\t\t\t\t\t<\/div>\r\n\t\t\t\t<div class=\"tg_full_width_gallery_cell\" style=\"margin-right:2px\">\r\n\t\t\t\t\t\t\t\t<div class=\"tg_full_width_gallery_img_container\">\r\n\t\t\t\t<img class=\"tg_full_width_gallery_cell_img vcov-hidden\" data-vcov=\"animate__fadeInUp animate__delay-1s\" \r\n\t\t\t\t\t\t\tdata-flickity-lazyload=\"https:\/\/amaria.pt\/wp-content\/uploads\/2025\/07\/Amaria25_0025-croped-Personalizar.webp\" alt=\"Outdoor Salted Pool\"\r\n\t\t\t\t\t\t\r\n\t\t\t\t\tstyle=\" object-fit: cover;\t\t\t\t\tobject-position:center center;\t\t\t\t\tmargin-right:25px;\t\t\t\t\t\t\twidth: auto; \t\t\t\t\t\t\theight:calc(100vh - 145px); \t\t\t\t\t\t\t--animate-duration: 1s; --animate-delay: 1.8s\" >\r\n\t\t\t\t<\/div>\r\n\t\t\t\t\t\t\t<\/div>\r\n\t\t\t\t<div class=\"tg_full_width_gallery_cell\" style=\"margin-right:2px\">\r\n\t\t\t\t\t\t\t\t<div class=\"tg_full_width_gallery_img_container\">\r\n\t\t\t\t<img class=\"tg_full_width_gallery_cell_img vcov-hidden\" data-vcov=\"animate__fadeInUp animate__delay-1s\" \r\n\t\t\t\t\t\t\tdata-flickity-lazyload=\"https:\/\/amaria.pt\/wp-content\/uploads\/2025\/11\/amaria-sauna-smoke.webp\" alt=\"Outdoor Wood burning Sauna\"\r\n\t\t\t\t\t\t\r\n\t\t\t\t\tstyle=\" object-fit: cover;\t\t\t\t\tobject-position:center center;\t\t\t\t\tmargin-right:25px;\t\t\t\t\t\t\twidth: auto; \t\t\t\t\t\t\theight:calc(100vh - 145px); \t\t\t\t\t\t\t--animate-duration: 1s; --animate-delay: 2.1s\" >\r\n\t\t\t\t<\/div>\r\n\t\t\t\t\t\t\t<\/div>\r\n\t\t<\/div>\r\n\t\t\t\t<div class=\"goPrevious\"><\/div>\r\n\t<div class=\"goNext\"><\/div>\r\n\t\t<\/div>\r\n\t\t\t\t<\/div>\n\t\t\t\t<\/div>\n\t\t\t\t\t<\/div>\n\t\t<\/div>\n\t\t\t\t\t<\/div>\n\t\t<\/section>\n\t\t\t\t<section class=\"elementor-section elementor-top-section elementor-element elementor-element-16baa02 elementor-section-full_width desktop-only display-non-1050 elementor-section-height-default elementor-section-height-default\" data-id=\"16baa02\" data-element_type=\"section\" data-settings=\"{&quot;hoteller_ext_is_background_parallax&quot;:&quot;false&quot;,&quot;hoteller_ext_is_background_on_scroll&quot;:&quot;false&quot;}\">\n\t\t\t\t\t\t<div class=\"elementor-container elementor-column-gap-default\">\n\t\t\t\t\t<div class=\"elementor-column elementor-col-100 elementor-top-column elementor-element elementor-element-58d18c9\" data-id=\"58d18c9\" data-element_type=\"column\" data-settings=\"{&quot;hoteller_ext_link_sidemenu&quot;:&quot;false&quot;,&quot;hoteller_ext_link_fullmenu&quot;:&quot;false&quot;,&quot;hoteller_ext_link_closed_fullmenu&quot;:&quot;false&quot;,&quot;hoteller_ext_is_scrollme&quot;:&quot;false&quot;,&quot;hoteller_ext_is_smoove&quot;:&quot;false&quot;,&quot;hoteller_ext_is_parallax_mouse&quot;:&quot;false&quot;,&quot;hoteller_ext_is_infinite&quot;:&quot;false&quot;,&quot;hoteller_ext_is_fadeout_animation&quot;:&quot;false&quot;,&quot;hoteller_ext_mobile_static&quot;:&quot;false&quot;}\">\n\t\t\t<div class=\"elementor-widget-wrap elementor-element-populated\">\n\t\t\t\t\t\t<div class=\"elementor-element elementor-element-ff867f6 elementor-mobile-align-center btn-default elementor-widget elementor-widget-button\" data-id=\"ff867f6\" data-element_type=\"widget\" data-settings=\"{&quot;hoteller_ext_link_sidemenu&quot;:&quot;false&quot;,&quot;hoteller_ext_link_fullmenu&quot;:&quot;false&quot;,&quot;hoteller_ext_link_closed_fullmenu&quot;:&quot;false&quot;,&quot;hoteller_ext_is_scrollme&quot;:&quot;false&quot;,&quot;hoteller_ext_is_smoove&quot;:&quot;false&quot;,&quot;hoteller_ext_is_parallax_mouse&quot;:&quot;false&quot;,&quot;hoteller_ext_is_infinite&quot;:&quot;false&quot;,&quot;hoteller_ext_is_fadeout_animation&quot;:&quot;false&quot;,&quot;hoteller_ext_mobile_static&quot;:&quot;false&quot;}\" data-widget_type=\"button.default\">\n\t\t\t\t<div class=\"elementor-widget-container\">\n\t\t\t\t\t\t\t\t\t<div class=\"elementor-button-wrapper\">\n\t\t\t\t\t<a class=\"elementor-button elementor-button-link elementor-size-sm\" href=\"\/pt\/search-results\/\">\n\t\t\t\t\t\t<span class=\"elementor-button-content-wrapper\">\n\t\t\t\t\t\t\t\t\t<span class=\"elementor-button-text\">BOOK NOW<\/span>\n\t\t\t\t\t<\/span>\n\t\t\t\t\t<\/a>\n\t\t\t\t<\/div>\n\t\t\t\t\t\t\t\t<\/div>\n\t\t\t\t<\/div>\n\t\t\t\t\t<\/div>\n\t\t<\/div>\n\t\t\t\t\t<\/div>\n\t\t<\/section>\n\t\t\t\t<section class=\"elementor-section elementor-top-section elementor-element elementor-element-0180fd8 mobile-only elementor-section-boxed elementor-section-height-default elementor-section-height-default\" data-id=\"0180fd8\" data-element_type=\"section\" data-settings=\"{&quot;hoteller_ext_is_background_parallax&quot;:&quot;false&quot;,&quot;hoteller_ext_is_background_on_scroll&quot;:&quot;false&quot;}\">\n\t\t\t\t\t\t<div class=\"elementor-container elementor-column-gap-default\">\n\t\t\t\t\t<div class=\"elementor-column elementor-col-100 elementor-top-column elementor-element elementor-element-5afd198\" data-id=\"5afd198\" data-element_type=\"column\" data-settings=\"{&quot;hoteller_ext_link_sidemenu&quot;:&quot;false&quot;,&quot;hoteller_ext_link_fullmenu&quot;:&quot;false&quot;,&quot;hoteller_ext_link_closed_fullmenu&quot;:&quot;false&quot;,&quot;hoteller_ext_is_scrollme&quot;:&quot;false&quot;,&quot;hoteller_ext_is_smoove&quot;:&quot;false&quot;,&quot;hoteller_ext_is_parallax_mouse&quot;:&quot;false&quot;,&quot;hoteller_ext_is_infinite&quot;:&quot;false&quot;,&quot;hoteller_ext_is_fadeout_animation&quot;:&quot;false&quot;,&quot;hoteller_ext_mobile_static&quot;:&quot;false&quot;}\">\n\t\t\t<div class=\"elementor-widget-wrap\">\n\t\t\t\t\t\t\t<\/div>\n\t\t<\/div>\n\t\t\t\t\t<\/div>\n\t\t<\/section>\n\t\t\t\t<section class=\"elementor-section elementor-top-section elementor-element elementor-element-6600ac7 elementor-section-full_width mobile-only elementor-section-height-default elementor-section-height-default\" data-id=\"6600ac7\" data-element_type=\"section\" data-settings=\"{&quot;hoteller_ext_is_background_parallax&quot;:&quot;false&quot;,&quot;hoteller_ext_is_background_on_scroll&quot;:&quot;false&quot;}\">\n\t\t\t\t\t\t<div class=\"elementor-container elementor-column-gap-default\">\n\t\t\t\t\t<div class=\"elementor-column elementor-col-100 elementor-top-column elementor-element elementor-element-b072824\" data-id=\"b072824\" data-element_type=\"column\" data-settings=\"{&quot;hoteller_ext_link_sidemenu&quot;:&quot;false&quot;,&quot;hoteller_ext_link_fullmenu&quot;:&quot;false&quot;,&quot;hoteller_ext_link_closed_fullmenu&quot;:&quot;false&quot;,&quot;hoteller_ext_is_scrollme&quot;:&quot;false&quot;,&quot;hoteller_ext_is_smoove&quot;:&quot;false&quot;,&quot;hoteller_ext_is_parallax_mouse&quot;:&quot;false&quot;,&quot;hoteller_ext_is_infinite&quot;:&quot;false&quot;,&quot;hoteller_ext_is_fadeout_animation&quot;:&quot;false&quot;,&quot;hoteller_ext_mobile_static&quot;:&quot;false&quot;}\">\n\t\t\t<div class=\"elementor-widget-wrap elementor-element-populated\">\n\t\t\t\t\t\t<div class=\"elementor-element elementor-element-a6560ae elementor-widget elementor-widget-spacer\" data-id=\"a6560ae\" data-element_type=\"widget\" data-settings=\"{&quot;hoteller_ext_link_sidemenu&quot;:&quot;false&quot;,&quot;hoteller_ext_link_fullmenu&quot;:&quot;false&quot;,&quot;hoteller_ext_link_closed_fullmenu&quot;:&quot;false&quot;,&quot;hoteller_ext_is_scrollme&quot;:&quot;false&quot;,&quot;hoteller_ext_is_smoove&quot;:&quot;false&quot;,&quot;hoteller_ext_is_parallax_mouse&quot;:&quot;false&quot;,&quot;hoteller_ext_is_infinite&quot;:&quot;false&quot;,&quot;hoteller_ext_is_fadeout_animation&quot;:&quot;false&quot;,&quot;hoteller_ext_mobile_static&quot;:&quot;false&quot;}\" data-widget_type=\"spacer.default\">\n\t\t\t\t<div class=\"elementor-widget-container\">\n\t\t\t\t\t\t\t<div class=\"elementor-spacer\">\n\t\t\t<div class=\"elementor-spacer-inner\"><\/div>\n\t\t<\/div>\n\t\t\t\t\t\t<\/div>\n\t\t\t\t<\/div>\n\t\t\t\t\t<\/div>\n\t\t<\/div>\n\t\t\t\t\t<\/div>\n\t\t<\/section>\n\t\t\t\t<\/div>","protected":false},"excerpt":{"rendered":"<p>AMARIA WELCOMES PRIVATE HIRE EVENTS, RETREATS, AND SELECT WEDDINGS, PROVIDING AN IDEAL SETTING FOR YOUR SPECIAL OCCASION. OUR VERSATILE LIBRARY ROOM CAN BE ADAPTED FOR GROUP MEETINGS AND WORKSHOPS, WHILE OUR SPACIOUS OUTDOOR AREAS ACCOMMODATE LARGE GROUPS AND EVENTS THROUGHOUT [&hellip;]<\/p>\n","protected":false},"author":1,"featured_media":6719,"parent":0,"menu_order":0,"comment_status":"closed","ping_status":"closed","template":"","meta":{"_crdt_document":"","_monsterinsights_skip_tracking":false,"_monsterinsights_sitenote_active":false,"_monsterinsights_sitenote_note":"","_monsterinsights_sitenote_category":0,"footnotes":""},"class_list":["post-6652","page","type-page","status-publish","has-post-thumbnail","hentry"],"aioseo_notices":[],"_links":{"self":[{"href":"https:\/\/amaria.pt\/pt\/wp-json\/wp\/v2\/pages\/6652","targetHints":{"allow":["GET"]}}],"collection":[{"href":"https:\/\/amaria.pt\/pt\/wp-json\/wp\/v2\/pages"}],"about":[{"href":"https:\/\/amaria.pt\/pt\/wp-json\/wp\/v2\/types\/page"}],"author":[{"embeddable":true,"href":"https:\/\/amaria.pt\/pt\/wp-json\/wp\/v2\/users\/1"}],"replies":[{"embeddable":true,"href":"https:\/\/amaria.pt\/pt\/wp-json\/wp\/v2\/comments?post=6652"}],"version-history":[{"count":5,"href":"https:\/\/amaria.pt\/pt\/wp-json\/wp\/v2\/pages\/6652\/revisions"}],"predecessor-version":[{"id":8342,"href":"https:\/\/amaria.pt\/pt\/wp-json\/wp\/v2\/pages\/6652\/revisions\/8342"}],"wp:featuredmedia":[{"embeddable":true,"href":"https:\/\/amaria.pt\/pt\/wp-json\/wp\/v2\/media\/6719"}],"wp:attachment":[{"href":"https:\/\/amaria.pt\/pt\/wp-json\/wp\/v2\/media?parent=6652"}],"curies":[{"name":"wp","href":"https:\/\/api.w.org\/{rel}","templated":true}]}}