{"id":6646,"date":"2023-05-25T14:33:10","date_gmt":"2023-05-25T14:33:10","guid":{"rendered":"https:\/\/spb48yftg.demo.versacode.org\/?page_id=6646"},"modified":"2026-02-05T16:32:55","modified_gmt":"2026-02-05T16:32:55","slug":"design","status":"publish","type":"page","link":"https:\/\/amaria.pt\/pt\/design\/","title":{"rendered":"DESIGN E RESPONSABILIDADE"},"content":{"rendered":"<div data-elementor-type=\"wp-post\" data-elementor-id=\"6646\" class=\"elementor elementor-6646\">\n\t\t\t\t\t\t<section class=\"elementor-section elementor-top-section elementor-element elementor-element-a30940f elementor-section-stretched elementor-section-height-full elementor-section-full_width page-slider elementor-section-height-default elementor-section-items-middle\" data-id=\"a30940f\" data-element_type=\"section\" data-settings=\"{&quot;stretch_section&quot;:&quot;section-stretched&quot;,&quot;background_background&quot;:&quot;classic&quot;,&quot;hoteller_ext_is_background_parallax&quot;:&quot;false&quot;,&quot;hoteller_ext_is_background_on_scroll&quot;:&quot;false&quot;}\">\n\t\t\t\t\t\t<div class=\"elementor-container elementor-column-gap-default\">\n\t\t\t\t\t<div class=\"elementor-column elementor-col-100 elementor-top-column elementor-element elementor-element-d0e7182\" data-id=\"d0e7182\" data-element_type=\"column\" data-settings=\"{&quot;hoteller_ext_link_sidemenu&quot;:&quot;false&quot;,&quot;hoteller_ext_link_fullmenu&quot;:&quot;false&quot;,&quot;hoteller_ext_link_closed_fullmenu&quot;:&quot;false&quot;,&quot;hoteller_ext_is_scrollme&quot;:&quot;false&quot;,&quot;hoteller_ext_is_smoove&quot;:&quot;false&quot;,&quot;hoteller_ext_is_parallax_mouse&quot;:&quot;false&quot;,&quot;hoteller_ext_is_infinite&quot;:&quot;false&quot;,&quot;hoteller_ext_is_fadeout_animation&quot;:&quot;false&quot;,&quot;hoteller_ext_mobile_static&quot;:&quot;false&quot;}\">\n\t\t\t<div class=\"elementor-widget-wrap\">\n\t\t\t\t\t\t\t<\/div>\n\t\t<\/div>\n\t\t\t\t\t<\/div>\n\t\t<\/section>\n\t\t\t\t<section class=\"elementor-section elementor-top-section elementor-element elementor-element-c900acd elementor-section-full_width elementor-section-height-default elementor-section-height-default\" data-id=\"c900acd\" data-element_type=\"section\" data-settings=\"{&quot;hoteller_ext_is_background_parallax&quot;:&quot;false&quot;,&quot;hoteller_ext_is_background_on_scroll&quot;:&quot;false&quot;}\">\n\t\t\t\t\t\t<div class=\"elementor-container elementor-column-gap-default\">\n\t\t\t\t\t<div class=\"elementor-column elementor-col-50 elementor-top-column elementor-element elementor-element-7d1dffd\" data-id=\"7d1dffd\" data-element_type=\"column\" data-settings=\"{&quot;hoteller_ext_link_sidemenu&quot;:&quot;false&quot;,&quot;hoteller_ext_link_fullmenu&quot;:&quot;false&quot;,&quot;hoteller_ext_link_closed_fullmenu&quot;:&quot;false&quot;,&quot;hoteller_ext_is_scrollme&quot;:&quot;false&quot;,&quot;hoteller_ext_is_smoove&quot;:&quot;false&quot;,&quot;hoteller_ext_is_parallax_mouse&quot;:&quot;false&quot;,&quot;hoteller_ext_is_infinite&quot;:&quot;false&quot;,&quot;hoteller_ext_is_fadeout_animation&quot;:&quot;false&quot;,&quot;hoteller_ext_mobile_static&quot;:&quot;false&quot;}\">\n\t\t\t<div class=\"elementor-widget-wrap elementor-element-populated\">\n\t\t\t\t\t\t<div class=\"elementor-element elementor-element-febbe8c elementor-invisible elementor-widget elementor-widget-text-editor\" data-id=\"febbe8c\" data-element_type=\"widget\" data-settings=\"{&quot;_animation_delay&quot;:250,&quot;_animation&quot;:&quot;fadeInUp&quot;,&quot;hoteller_ext_link_sidemenu&quot;:&quot;false&quot;,&quot;hoteller_ext_link_fullmenu&quot;:&quot;false&quot;,&quot;hoteller_ext_link_closed_fullmenu&quot;:&quot;false&quot;,&quot;hoteller_ext_is_scrollme&quot;:&quot;false&quot;,&quot;hoteller_ext_is_smoove&quot;:&quot;false&quot;,&quot;hoteller_ext_is_parallax_mouse&quot;:&quot;false&quot;,&quot;hoteller_ext_is_infinite&quot;:&quot;false&quot;,&quot;hoteller_ext_is_fadeout_animation&quot;:&quot;false&quot;,&quot;hoteller_ext_mobile_static&quot;:&quot;false&quot;}\" data-widget_type=\"text-editor.default\">\n\t\t\t\t<div class=\"elementor-widget-container\">\n\t\t\t\t\t\t\t\t\t<p>LOCALIZADO NO CORA\u00c7\u00c3O DO PARQUE NATURAL DO SUDOESTE ALENTEJANO E COSTA VICENTINA, O AMARIA REFLETE UMA FILOSOFIA DE DESIGN ASSENTE NA RESPONSABILIDADE AMBIENTAL E NA HARMONIA COM A PAISAGEM. O OBJETIVO FOI INTEGRAR ELEMENTOS ARQUITET\u00d3NICOS TRADICIONAIS COM UM DESIGN CONTEMPOR\u00c2NEO, CRIANDO UM ESPA\u00c7O QUE ALIA O CONFORTO MODERNO AO RESPEITO PELO PATRIM\u00d3NIO CULTURAL DA REGI\u00c3O.<\/p><p>O TERRENO \u2014 ANTES PARTE DE UMA HERDADE AGR\u00cdCOLA \u2014 PRESERVA VEST\u00cdGIOS DE UMA ANTIGA VINHA, HORTA, POMAR E LAGO, HOJE CUIDADOSAMENTE RECUPERADOS.<\/p><p>AO LONGO DOS 10 HECTARES DA PROPRIEDADE, ENCONTRAMOS UMA GRANDE DIVERSIDADE DE PLANTAS, \u00c1RVORES E FAUNA LOCAL, NUMA PAISAGEM QUE EVOLUI DE FORMA NATURAL.<\/p><p>DURANTE A CONSTRU\u00c7\u00c3O, FOI DADA ESPECIAL ATEN\u00c7\u00c3O \u00c0 INTEGRA\u00c7\u00c3O DO PROJETO NA PAISAGEM.  O USO DE MATERIAIS LOCAIS E O RESPEITO PELOS VALORES ARQUITET\u00d3NICOS TRADICIONAIS PERMITIRAM PRESERVAR OS ELEMENTOS CULTURAIS, AMBIENTAIS E PAISAG\u00cdSTICOS. A NOSSA FILOSOFIA NO DESIGN PROCUROU ENCONTRAR O EQUIL\u00cdBRIO ENTRE A IDENTIDADE DO LUGAR E AS EXIG\u00caNCIAS DA VIDA CONTEMPOR\u00c2NEA, OTIMIZANDO AS VISTAS, APROVEITANDO A LUZ SOLAR E CRIANDO UMA RELA\u00c7\u00c3O COERENTE E FLUIDA COM O MEIO ENVOLVENTE.<\/p><p>O PROJETO FOI DESENVOLVIDO A PENSAR NO CONFORTO DOS H\u00d3SPEDES, RESPEITANDO AS TIPOLOGIAS TRADICIONAIS E CONCILIANDO OS ESPA\u00c7OS INTERIORES E EXTERIORES COM A TOPOGRAFIA NATURAL DO TERRENO. A REINTERPRETA\u00c7\u00c3O DE ELEMENTOS ORIGINAIS, COMO OS MUROS E CONTRAFORTES, ASSUMIU UM PAPEL CONCEPTUAL CENTRAL NO PROJETO, VIS\u00cdVEL NOS ACABAMENTOS EM EMPENA E NA UNIDADE HABITACIONAL VOLTADA A NASCENTE, COM PLANOS INCLINADOS. O CONTRASTE ENTRE O EXTERIOR ROBUSTO E CONTIDO E O INTERIOR LEVE E ABERTO TRADUZ DE FORMA SUBLIME A HARMONIA ENTRE TRADI\u00c7\u00c3O E EST\u00c9TICA CONTEMPOR\u00c2NEA QUE DEFINE O AMARIA.<\/p>\t\t\t\t\t\t\t\t<\/div>\n\t\t\t\t<\/div>\n\t\t\t\t\t<\/div>\n\t\t<\/div>\n\t\t\t\t<div class=\"elementor-column elementor-col-50 elementor-top-column elementor-element elementor-element-be2188d desktop-only\" data-id=\"be2188d\" data-element_type=\"column\" data-settings=\"{&quot;hoteller_ext_link_sidemenu&quot;:&quot;false&quot;,&quot;hoteller_ext_link_fullmenu&quot;:&quot;false&quot;,&quot;hoteller_ext_link_closed_fullmenu&quot;:&quot;false&quot;,&quot;hoteller_ext_is_scrollme&quot;:&quot;false&quot;,&quot;hoteller_ext_is_smoove&quot;:&quot;false&quot;,&quot;hoteller_ext_is_parallax_mouse&quot;:&quot;false&quot;,&quot;hoteller_ext_is_infinite&quot;:&quot;false&quot;,&quot;hoteller_ext_is_fadeout_animation&quot;:&quot;false&quot;,&quot;hoteller_ext_mobile_static&quot;:&quot;false&quot;}\">\n\t\t\t<div class=\"elementor-widget-wrap\">\n\t\t\t\t\t\t\t<\/div>\n\t\t<\/div>\n\t\t\t\t\t<\/div>\n\t\t<\/section>\n\t\t\t\t<section class=\"elementor-section elementor-top-section elementor-element elementor-element-16baa02 elementor-section-full_width desktop-only display-non-1050 elementor-section-height-default elementor-section-height-default\" data-id=\"16baa02\" data-element_type=\"section\" data-settings=\"{&quot;hoteller_ext_is_background_parallax&quot;:&quot;false&quot;,&quot;hoteller_ext_is_background_on_scroll&quot;:&quot;false&quot;}\">\n\t\t\t\t\t\t<div class=\"elementor-container elementor-column-gap-default\">\n\t\t\t\t\t<div class=\"elementor-column elementor-col-100 elementor-top-column elementor-element elementor-element-58d18c9\" data-id=\"58d18c9\" data-element_type=\"column\" data-settings=\"{&quot;hoteller_ext_link_sidemenu&quot;:&quot;false&quot;,&quot;hoteller_ext_link_fullmenu&quot;:&quot;false&quot;,&quot;hoteller_ext_link_closed_fullmenu&quot;:&quot;false&quot;,&quot;hoteller_ext_is_scrollme&quot;:&quot;false&quot;,&quot;hoteller_ext_is_smoove&quot;:&quot;false&quot;,&quot;hoteller_ext_is_parallax_mouse&quot;:&quot;false&quot;,&quot;hoteller_ext_is_infinite&quot;:&quot;false&quot;,&quot;hoteller_ext_is_fadeout_animation&quot;:&quot;false&quot;,&quot;hoteller_ext_mobile_static&quot;:&quot;false&quot;}\">\n\t\t\t<div class=\"elementor-widget-wrap elementor-element-populated\">\n\t\t\t\t\t\t<div class=\"elementor-element elementor-element-ff867f6 elementor-mobile-align-center btn-default elementor-widget elementor-widget-button\" data-id=\"ff867f6\" data-element_type=\"widget\" data-settings=\"{&quot;hoteller_ext_link_sidemenu&quot;:&quot;false&quot;,&quot;hoteller_ext_link_fullmenu&quot;:&quot;false&quot;,&quot;hoteller_ext_link_closed_fullmenu&quot;:&quot;false&quot;,&quot;hoteller_ext_is_scrollme&quot;:&quot;false&quot;,&quot;hoteller_ext_is_smoove&quot;:&quot;false&quot;,&quot;hoteller_ext_is_parallax_mouse&quot;:&quot;false&quot;,&quot;hoteller_ext_is_infinite&quot;:&quot;false&quot;,&quot;hoteller_ext_is_fadeout_animation&quot;:&quot;false&quot;,&quot;hoteller_ext_mobile_static&quot;:&quot;false&quot;}\" data-widget_type=\"button.default\">\n\t\t\t\t<div class=\"elementor-widget-container\">\n\t\t\t\t\t\t\t\t\t<div class=\"elementor-button-wrapper\">\n\t\t\t\t\t<a class=\"elementor-button elementor-button-link elementor-size-sm\" href=\"\/pt\/search-results\/\">\n\t\t\t\t\t\t<span class=\"elementor-button-content-wrapper\">\n\t\t\t\t\t\t\t\t\t<span class=\"elementor-button-text\">BOOK NOW<\/span>\n\t\t\t\t\t<\/span>\n\t\t\t\t\t<\/a>\n\t\t\t\t<\/div>\n\t\t\t\t\t\t\t\t<\/div>\n\t\t\t\t<\/div>\n\t\t\t\t\t<\/div>\n\t\t<\/div>\n\t\t\t\t\t<\/div>\n\t\t<\/section>\n\t\t\t\t<section class=\"elementor-section elementor-top-section elementor-element elementor-element-6ad46f7 elementor-section-full_width elementor-section-height-default elementor-section-height-default\" data-id=\"6ad46f7\" data-element_type=\"section\" data-settings=\"{&quot;hoteller_ext_is_background_parallax&quot;:&quot;false&quot;,&quot;hoteller_ext_is_background_on_scroll&quot;:&quot;false&quot;}\">\n\t\t\t\t\t\t<div class=\"elementor-container elementor-column-gap-default\">\n\t\t\t\t\t<div class=\"elementor-column elementor-col-100 elementor-top-column elementor-element elementor-element-cdfb9c1\" data-id=\"cdfb9c1\" data-element_type=\"column\" data-settings=\"{&quot;hoteller_ext_link_sidemenu&quot;:&quot;false&quot;,&quot;hoteller_ext_link_fullmenu&quot;:&quot;false&quot;,&quot;hoteller_ext_link_closed_fullmenu&quot;:&quot;false&quot;,&quot;hoteller_ext_is_scrollme&quot;:&quot;false&quot;,&quot;hoteller_ext_is_smoove&quot;:&quot;false&quot;,&quot;hoteller_ext_is_parallax_mouse&quot;:&quot;false&quot;,&quot;hoteller_ext_is_infinite&quot;:&quot;false&quot;,&quot;hoteller_ext_is_fadeout_animation&quot;:&quot;false&quot;,&quot;hoteller_ext_mobile_static&quot;:&quot;false&quot;}\">\n\t\t\t<div class=\"elementor-widget-wrap elementor-element-populated\">\n\t\t\t\t\t\t<div class=\"elementor-element elementor-element-e104fd4 elementor-invisible elementor-widget elementor-widget-image\" data-id=\"e104fd4\" data-element_type=\"widget\" data-settings=\"{&quot;_animation&quot;:&quot;slideInUp&quot;,&quot;hoteller_image_is_animation&quot;:&quot;false&quot;,&quot;hoteller_ext_link_sidemenu&quot;:&quot;false&quot;,&quot;hoteller_ext_link_fullmenu&quot;:&quot;false&quot;,&quot;hoteller_ext_link_closed_fullmenu&quot;:&quot;false&quot;,&quot;hoteller_ext_is_scrollme&quot;:&quot;false&quot;,&quot;hoteller_ext_is_smoove&quot;:&quot;false&quot;,&quot;hoteller_ext_is_parallax_mouse&quot;:&quot;false&quot;,&quot;hoteller_ext_is_infinite&quot;:&quot;false&quot;,&quot;hoteller_ext_is_fadeout_animation&quot;:&quot;false&quot;,&quot;hoteller_ext_mobile_static&quot;:&quot;false&quot;}\" data-widget_type=\"image.default\">\n\t\t\t\t<div class=\"elementor-widget-container\">\n\t\t\t\t\t\t\t\t\t\t\t\t\t\t\t<img fetchpriority=\"high\" decoding=\"async\" width=\"1440\" height=\"650\" src=\"https:\/\/amaria.pt\/wp-content\/uploads\/2023\/06\/Sketch-1-copy.jpg\" class=\"attachment-full size-full wp-image-7279\" alt=\"Boutique hotel neat the ocean Costa Vicentina\" srcset=\"https:\/\/amaria.pt\/wp-content\/uploads\/2023\/06\/Sketch-1-copy.jpg 1440w, https:\/\/amaria.pt\/wp-content\/uploads\/2023\/06\/Sketch-1-copy-300x135.jpg 300w, https:\/\/amaria.pt\/wp-content\/uploads\/2023\/06\/Sketch-1-copy-1024x462.jpg 1024w, https:\/\/amaria.pt\/wp-content\/uploads\/2023\/06\/Sketch-1-copy-768x347.jpg 768w, https:\/\/amaria.pt\/wp-content\/uploads\/2023\/06\/Sketch-1-copy-18x8.jpg 18w, https:\/\/amaria.pt\/wp-content\/uploads\/2023\/06\/Sketch-1-copy-440x199.jpg 440w, https:\/\/amaria.pt\/wp-content\/uploads\/2023\/06\/Sketch-1-copy-600x271.jpg 600w\" sizes=\"(max-width: 1440px) 100vw, 1440px\" \/>\t\t\t\t\t\t\t\t\t\t\t\t\t\t\t<\/div>\n\t\t\t\t<\/div>\n\t\t\t\t<section class=\"elementor-section elementor-inner-section elementor-element elementor-element-9966f07 elementor-section-full_width text-section elementor-section-height-default elementor-section-height-default\" data-id=\"9966f07\" data-element_type=\"section\" data-settings=\"{&quot;hoteller_ext_is_background_parallax&quot;:&quot;false&quot;,&quot;hoteller_ext_is_background_on_scroll&quot;:&quot;false&quot;}\">\n\t\t\t\t\t\t<div class=\"elementor-container elementor-column-gap-default\">\n\t\t\t\t\t<div class=\"elementor-column elementor-col-50 elementor-inner-column elementor-element elementor-element-d3935f0\" data-id=\"d3935f0\" data-element_type=\"column\" data-settings=\"{&quot;hoteller_ext_link_sidemenu&quot;:&quot;false&quot;,&quot;hoteller_ext_link_fullmenu&quot;:&quot;false&quot;,&quot;hoteller_ext_link_closed_fullmenu&quot;:&quot;false&quot;,&quot;hoteller_ext_is_scrollme&quot;:&quot;false&quot;,&quot;hoteller_ext_is_smoove&quot;:&quot;false&quot;,&quot;hoteller_ext_is_parallax_mouse&quot;:&quot;false&quot;,&quot;hoteller_ext_is_infinite&quot;:&quot;false&quot;,&quot;hoteller_ext_is_fadeout_animation&quot;:&quot;false&quot;,&quot;hoteller_ext_mobile_static&quot;:&quot;false&quot;}\">\n\t\t\t<div class=\"elementor-widget-wrap elementor-element-populated\">\n\t\t\t\t\t\t<div class=\"elementor-element elementor-element-ef8ca74 elementor-invisible elementor-widget elementor-widget-text-editor\" data-id=\"ef8ca74\" data-element_type=\"widget\" data-settings=\"{&quot;_animation_delay&quot;:200,&quot;_animation&quot;:&quot;fadeInUp&quot;,&quot;hoteller_ext_link_sidemenu&quot;:&quot;false&quot;,&quot;hoteller_ext_link_fullmenu&quot;:&quot;false&quot;,&quot;hoteller_ext_link_closed_fullmenu&quot;:&quot;false&quot;,&quot;hoteller_ext_is_scrollme&quot;:&quot;false&quot;,&quot;hoteller_ext_is_smoove&quot;:&quot;false&quot;,&quot;hoteller_ext_is_parallax_mouse&quot;:&quot;false&quot;,&quot;hoteller_ext_is_infinite&quot;:&quot;false&quot;,&quot;hoteller_ext_is_fadeout_animation&quot;:&quot;false&quot;,&quot;hoteller_ext_mobile_static&quot;:&quot;false&quot;}\" data-widget_type=\"text-editor.default\">\n\t\t\t\t<div class=\"elementor-widget-container\">\n\t\t\t\t\t\t\t\t\t<p>A EFICI\u00caNCIA ENERG\u00c9TICA FOI UMA PRIORIDADE M\u00c1XIMA AO LONGO DE TODO O PROCESSO DE CONSTRU\u00c7\u00c3O, COM ESPECIAL ATEN\u00c7\u00c3O \u00c0 REDU\u00c7\u00c3O DO CONSUMO DE ENERGIA E \u00c0 INCORPORA\u00c7\u00c3O DE TECNOLOGIAS MODERNAS. O NOSSO COMPROMISSO COM UM DESIGN RESPONS\u00c1VEL REFLETE-SE NA ESCOLHA DE MATERIAIS, INCLUINDO CAIXILHARIAS E VIDROS CERTIFICADOS A+, QUE GARANTEM UM ISOLAMENTO T\u00c9RMICO E AC\u00daSTICO DE EXCEL\u00caNCIA.\nAS ANTIGAS PAREDES DE TAIPA FORAM REAPROVEITADAS E PREENCHIDAS COM BLOCOS DE TIJOLO TERMICAMENTE EFICIENTES, SENDO AINDA UTILIZADOS ISOLAMENTOS DE CORTI\u00c7A, TINTAS MINERAIS NATURAIS E MADEIRA REGIONAL. PAIN\u00c9IS SOLARES FORAM INSTALADOS PARA AQUECIMENTO DE \u00c1GUA, COM PLANOS DE EXPANS\u00c3O PARA ATINGIR INDEPEND\u00caNCIA TOTAL EM TERMOS DE ENERGIA EL\u00c9TRICA. AL\u00c9M DISSO, TODAS AS NOSSAS LUMIN\u00c1RIAS UTILIZAM EXCLUSIVAMENTE TECNOLOGIA LED.<\/p><p>PARA AL\u00c9M DO TRABALHO ARQUITET\u00d3NICO, ESTAMOS ATIVAMENTE ENVOLVIDOS NA PRESERVA\u00c7\u00c3O E EVOLU\u00c7\u00c3O DO NOSSO ESPA\u00c7O. J\u00c1 PLANT\u00c1MOS MAIS DE 400 \u00c1RVORES AUT\u00d3CTONES E 3500 PLANTAS DE BAIXA MANUTEN\u00c7\u00c3O OU RESISTENTES \u00c0 SECA, REMOVENDO CUIDADOSAMENTE ESP\u00c9CIES INVASORAS PARA DAR LUGAR AO CRESCIMENTO DA FLORA E FAUNA LOCAL.<\/p><p>A NOSSA VINHA, CRIADA EM 2017, ENCONTRA-SE ATUALMENTE EM TRANSI\u00c7\u00c3O PARA PR\u00c1TICAS BIOL\u00d3GICAS E ORG\u00c2NICAS. PARA ASSEGURAR UMA UTILIZA\u00c7\u00c3O RESPONS\u00c1VEL DA \u00c1GUA, RECORREMOS A PO\u00c7OS RESTAURADOS, QUE ALIMENTAM UM SISTEMA DE REGA POR GOTEJAMENTO, EM CONFORMIDADE COM AS NORMAS DO \u201cPER\u00cdMETRO DE REGA DO MIRA\u201d. FORAM TAMB\u00c9M IMPLEMENTADAS MEDIDAS DE POUPAN\u00c7A DE \u00c1GUA EM TODO O ESTABELECIMENTO, INCLUINDO TORNEIRAS E SANITAS DE BAIXO CAUDAL.<\/p><p>O RESPEITO E PRESERVA\u00c7\u00c3O DA FAUNA LOCAL \u00c9 PARA N\u00d3S DE M\u00c1XIMA IMPORT\u00c2NCIA. A REGI\u00c3O \u00c9 CONHECIDA PELA SUA DIVERSIDADE DE ESP\u00c9CIES, INCLUINDO \u00c1GUIAS, FALC\u00d5ES, COELHOS, RAPOSAS, JAVALIS, LONTRAS, CEGONHAS, TARTARUGAS, ENTRE MUITAS OUTRAS.<\/p><p>MANTEMOS LINHAS DE \u00c1GUA E LAGOAS NA PROPRIEDADE PARA ACOLHER OS NOSSOS HABITANTES, ASSEGURANDO QUE AS PLANTAS E \u00c1RVORES QUE INTRODUZIMOS S\u00c3O AUT\u00d3CTONES E FORNECEM ALIMENTO E ABRIGO \u00c0 FAUNA LOCAL.<\/p><p>NO AMARIA, O NOSSO OBJETIVO FINAL \u00c9 OFERECER AOS H\u00d3SPEDES UMA EXPERI\u00caNCIA SOFISTICADA, CONFORT\u00c1VEL E AUT\u00caNTICA, QUE REFLITA A ESS\u00caNCIA DO AMBIENTE NATURAL CIRCUNDANTE. ESTAMOS PROFUNDAMENTE COMPROMETIDOS EM APOIAR A COMUNIDADE LOCAL E FOMENTAR UMA LIGA\u00c7\u00c3O GENU\u00cdNA COM A TERRA, A NATUREZA E A ECONOMIA LOCAL.\u00a0<\/p>\t\t\t\t\t\t\t\t<\/div>\n\t\t\t\t<\/div>\n\t\t\t\t\t<\/div>\n\t\t<\/div>\n\t\t\t\t<div class=\"elementor-column elementor-col-50 elementor-inner-column elementor-element elementor-element-53e31ad desktop-only\" data-id=\"53e31ad\" data-element_type=\"column\" data-settings=\"{&quot;hoteller_ext_link_sidemenu&quot;:&quot;false&quot;,&quot;hoteller_ext_link_fullmenu&quot;:&quot;false&quot;,&quot;hoteller_ext_link_closed_fullmenu&quot;:&quot;false&quot;,&quot;hoteller_ext_is_scrollme&quot;:&quot;false&quot;,&quot;hoteller_ext_is_smoove&quot;:&quot;false&quot;,&quot;hoteller_ext_is_parallax_mouse&quot;:&quot;false&quot;,&quot;hoteller_ext_is_infinite&quot;:&quot;false&quot;,&quot;hoteller_ext_is_fadeout_animation&quot;:&quot;false&quot;,&quot;hoteller_ext_mobile_static&quot;:&quot;false&quot;}\">\n\t\t\t<div class=\"elementor-widget-wrap\">\n\t\t\t\t\t\t\t<\/div>\n\t\t<\/div>\n\t\t\t\t\t<\/div>\n\t\t<\/section>\n\t\t\t\t\t<\/div>\n\t\t<\/div>\n\t\t\t\t\t<\/div>\n\t\t<\/section>\n\t\t\t\t<section class=\"elementor-section elementor-top-section elementor-element elementor-element-26a949f elementor-section-full_width img-section elementor-section-height-default elementor-section-height-default elementor-invisible\" data-id=\"26a949f\" data-element_type=\"section\" data-settings=\"{&quot;animation&quot;:&quot;fadeInUp&quot;,&quot;animation_delay&quot;:300,&quot;hoteller_ext_is_background_parallax&quot;:&quot;false&quot;,&quot;hoteller_ext_is_background_on_scroll&quot;:&quot;false&quot;}\">\n\t\t\t\t\t\t<div class=\"elementor-container elementor-column-gap-default\">\n\t\t\t\t\t<div class=\"elementor-column elementor-col-100 elementor-top-column elementor-element elementor-element-648046d\" data-id=\"648046d\" data-element_type=\"column\" data-settings=\"{&quot;hoteller_ext_link_sidemenu&quot;:&quot;false&quot;,&quot;hoteller_ext_link_fullmenu&quot;:&quot;false&quot;,&quot;hoteller_ext_link_closed_fullmenu&quot;:&quot;false&quot;,&quot;hoteller_ext_is_scrollme&quot;:&quot;false&quot;,&quot;hoteller_ext_is_smoove&quot;:&quot;false&quot;,&quot;hoteller_ext_is_parallax_mouse&quot;:&quot;false&quot;,&quot;hoteller_ext_is_infinite&quot;:&quot;false&quot;,&quot;hoteller_ext_is_fadeout_animation&quot;:&quot;false&quot;,&quot;hoteller_ext_mobile_static&quot;:&quot;false&quot;}\">\n\t\t\t<div class=\"elementor-widget-wrap elementor-element-populated\">\n\t\t\t\t\t\t<div class=\"elementor-element elementor-element-a7c507c elementor-widget elementor-widget-image\" data-id=\"a7c507c\" data-element_type=\"widget\" data-settings=\"{&quot;hoteller_image_is_animation&quot;:&quot;false&quot;,&quot;hoteller_ext_link_sidemenu&quot;:&quot;false&quot;,&quot;hoteller_ext_link_fullmenu&quot;:&quot;false&quot;,&quot;hoteller_ext_link_closed_fullmenu&quot;:&quot;false&quot;,&quot;hoteller_ext_is_scrollme&quot;:&quot;false&quot;,&quot;hoteller_ext_is_smoove&quot;:&quot;false&quot;,&quot;hoteller_ext_is_parallax_mouse&quot;:&quot;false&quot;,&quot;hoteller_ext_is_infinite&quot;:&quot;false&quot;,&quot;hoteller_ext_is_fadeout_animation&quot;:&quot;false&quot;,&quot;hoteller_ext_mobile_static&quot;:&quot;false&quot;}\" data-widget_type=\"image.default\">\n\t\t\t\t<div class=\"elementor-widget-container\">\n\t\t\t\t\t\t\t\t\t\t\t\t\t\t\t<img decoding=\"async\" width=\"1153\" height=\"900\" src=\"https:\/\/amaria.pt\/wp-content\/uploads\/2023\/06\/Old-AmariaBW-copy.jpg\" class=\"attachment-full size-full wp-image-7287\" alt=\"Beach hotel in south Portugal\" srcset=\"https:\/\/amaria.pt\/wp-content\/uploads\/2023\/06\/Old-AmariaBW-copy.jpg 1153w, https:\/\/amaria.pt\/wp-content\/uploads\/2023\/06\/Old-AmariaBW-copy-300x234.jpg 300w, https:\/\/amaria.pt\/wp-content\/uploads\/2023\/06\/Old-AmariaBW-copy-1024x799.jpg 1024w, https:\/\/amaria.pt\/wp-content\/uploads\/2023\/06\/Old-AmariaBW-copy-768x599.jpg 768w, https:\/\/amaria.pt\/wp-content\/uploads\/2023\/06\/Old-AmariaBW-copy-15x12.jpg 15w, https:\/\/amaria.pt\/wp-content\/uploads\/2023\/06\/Old-AmariaBW-copy-440x343.jpg 440w, https:\/\/amaria.pt\/wp-content\/uploads\/2023\/06\/Old-AmariaBW-copy-600x468.jpg 600w\" sizes=\"(max-width: 1153px) 100vw, 1153px\" \/>\t\t\t\t\t\t\t\t\t\t\t\t\t\t\t<\/div>\n\t\t\t\t<\/div>\n\t\t\t\t\t<\/div>\n\t\t<\/div>\n\t\t\t\t\t<\/div>\n\t\t<\/section>\n\t\t\t\t<section class=\"elementor-section elementor-top-section elementor-element elementor-element-6600ac7 elementor-section-full_width mobile-only elementor-section-height-default elementor-section-height-default\" data-id=\"6600ac7\" data-element_type=\"section\" data-settings=\"{&quot;hoteller_ext_is_background_parallax&quot;:&quot;false&quot;,&quot;hoteller_ext_is_background_on_scroll&quot;:&quot;false&quot;}\">\n\t\t\t\t\t\t<div class=\"elementor-container elementor-column-gap-default\">\n\t\t\t\t\t<div class=\"elementor-column elementor-col-100 elementor-top-column elementor-element elementor-element-b072824\" data-id=\"b072824\" data-element_type=\"column\" data-settings=\"{&quot;hoteller_ext_link_sidemenu&quot;:&quot;false&quot;,&quot;hoteller_ext_link_fullmenu&quot;:&quot;false&quot;,&quot;hoteller_ext_link_closed_fullmenu&quot;:&quot;false&quot;,&quot;hoteller_ext_is_scrollme&quot;:&quot;false&quot;,&quot;hoteller_ext_is_smoove&quot;:&quot;false&quot;,&quot;hoteller_ext_is_parallax_mouse&quot;:&quot;false&quot;,&quot;hoteller_ext_is_infinite&quot;:&quot;false&quot;,&quot;hoteller_ext_is_fadeout_animation&quot;:&quot;false&quot;,&quot;hoteller_ext_mobile_static&quot;:&quot;false&quot;}\">\n\t\t\t<div class=\"elementor-widget-wrap elementor-element-populated\">\n\t\t\t\t\t\t<div class=\"elementor-element elementor-element-a6560ae elementor-widget elementor-widget-spacer\" data-id=\"a6560ae\" data-element_type=\"widget\" data-settings=\"{&quot;hoteller_ext_link_sidemenu&quot;:&quot;false&quot;,&quot;hoteller_ext_link_fullmenu&quot;:&quot;false&quot;,&quot;hoteller_ext_link_closed_fullmenu&quot;:&quot;false&quot;,&quot;hoteller_ext_is_scrollme&quot;:&quot;false&quot;,&quot;hoteller_ext_is_smoove&quot;:&quot;false&quot;,&quot;hoteller_ext_is_parallax_mouse&quot;:&quot;false&quot;,&quot;hoteller_ext_is_infinite&quot;:&quot;false&quot;,&quot;hoteller_ext_is_fadeout_animation&quot;:&quot;false&quot;,&quot;hoteller_ext_mobile_static&quot;:&quot;false&quot;}\" data-widget_type=\"spacer.default\">\n\t\t\t\t<div class=\"elementor-widget-container\">\n\t\t\t\t\t\t\t<div class=\"elementor-spacer\">\n\t\t\t<div class=\"elementor-spacer-inner\"><\/div>\n\t\t<\/div>\n\t\t\t\t\t\t<\/div>\n\t\t\t\t<\/div>\n\t\t\t\t\t<\/div>\n\t\t<\/div>\n\t\t\t\t\t<\/div>\n\t\t<\/section>\n\t\t\t\t<\/div>","protected":false},"excerpt":{"rendered":"<p>NESTLED INSIDE THE SOUTHWEST ALENTEJANO AND COSTA VICENTINA NATURAL PARK, OUR HOTEL EMBODIES A DESIGN PHILOSOPHY ROOTED IN ENVIRONMENTAL RESPONSIBILITY AND A HARMONIOUS INTEGRATION WITH THE LOCAL SURROUNDINGS. OUR GOAL WAS TO SEAMLESSLY MERGE TRADITIONAL ARCHITECTURAL ELEMENTS WITH CONTEMPORARY DESIGN, [&hellip;]<\/p>\n","protected":false},"author":1,"featured_media":7166,"parent":0,"menu_order":0,"comment_status":"closed","ping_status":"closed","template":"","meta":{"_crdt_document":"","_monsterinsights_skip_tracking":false,"_monsterinsights_sitenote_active":false,"_monsterinsights_sitenote_note":"","_monsterinsights_sitenote_category":0,"footnotes":""},"class_list":["post-6646","page","type-page","status-publish","has-post-thumbnail","hentry"],"aioseo_notices":[],"_links":{"self":[{"href":"https:\/\/amaria.pt\/pt\/wp-json\/wp\/v2\/pages\/6646","targetHints":{"allow":["GET"]}}],"collection":[{"href":"https:\/\/amaria.pt\/pt\/wp-json\/wp\/v2\/pages"}],"about":[{"href":"https:\/\/amaria.pt\/pt\/wp-json\/wp\/v2\/types\/page"}],"author":[{"embeddable":true,"href":"https:\/\/amaria.pt\/pt\/wp-json\/wp\/v2\/users\/1"}],"replies":[{"embeddable":true,"href":"https:\/\/amaria.pt\/pt\/wp-json\/wp\/v2\/comments?post=6646"}],"version-history":[{"count":5,"href":"https:\/\/amaria.pt\/pt\/wp-json\/wp\/v2\/pages\/6646\/revisions"}],"predecessor-version":[{"id":8279,"href":"https:\/\/amaria.pt\/pt\/wp-json\/wp\/v2\/pages\/6646\/revisions\/8279"}],"wp:featuredmedia":[{"embeddable":true,"href":"https:\/\/amaria.pt\/pt\/wp-json\/wp\/v2\/media\/7166"}],"wp:attachment":[{"href":"https:\/\/amaria.pt\/pt\/wp-json\/wp\/v2\/media?parent=6646"}],"curies":[{"name":"wp","href":"https:\/\/api.w.org\/{rel}","templated":true}]}}